{"id":134,"date":"2022-07-05T09:38:24","date_gmt":"2022-07-05T09:38:24","guid":{"rendered":"http:\/\/trainehotel.slu.cz\/?page_id=134"},"modified":"2022-07-05T10:59:56","modified_gmt":"2022-07-05T10:59:56","slug":"vystupy-projektu","status":"publish","type":"page","link":"https:\/\/trainehotel.slu.cz\/?page_id=134","title":{"rendered":"V\u00ddSTUPY PROJEKTU"},"content":{"rendered":"\n<p><strong>Propaga\u010dn\u00ed video fiktivn\u00edho hotelu Weinberg ***<\/strong><\/p>\n\n\n\n<figure class=\"wp-block-video aligncenter\"><video height=\"1080\" style=\"aspect-ratio: 1920 \/ 1080;\" width=\"1920\" controls preload=\"auto\" src=\"http:\/\/trainehotel.slu.cz\/wp-content\/uploads\/2022\/07\/videoprezentace-fiktivniho-hotelu-Weinberg.mp4\"><\/video><\/figure>\n\n\n\n<p><strong>PowerPointov\u00e1 prezentace fiktivn\u00edho hotelu Weinberg ***<\/strong><\/p>\n\n\n\n<div data-wp-interactive=\"core\/file\" class=\"wp-block-file\"><object data-wp-bind--hidden=\"!state.hasPdfPreview\" hidden class=\"wp-block-file__embed\" data=\"http:\/\/trainehotel.slu.cz\/wp-content\/uploads\/2022\/07\/E-hotel-tymova-prezenzace-k-projektu.pdf\" type=\"application\/pdf\" style=\"width:100%;height:600px\" aria-label=\"Embed of Embed of E-hotel-tymova-prezenzace-k-projektu..\"><\/object><a id=\"wp-block-file--media-781c8315-9a7b-4bec-87d9-2760218596ce\" href=\"http:\/\/trainehotel.slu.cz\/wp-content\/uploads\/2022\/07\/E-hotel-tymova-prezenzace-k-projektu.pdf\">E-hotel-tymova-prezenzace-k-projektu<\/a><a href=\"http:\/\/trainehotel.slu.cz\/wp-content\/uploads\/2022\/07\/E-hotel-tymova-prezenzace-k-projektu.pdf\" class=\"wp-block-file__button\" download aria-describedby=\"wp-block-file--media-781c8315-9a7b-4bec-87d9-2760218596ce\">Download<\/a><\/div>\n\n\n\n<p><strong>Videoz\u00e1znam z prezentace fiktivn\u00edho hotelu Weinberg *** v r\u00e1mci projektu E-hotel<\/strong><\/p>\n\n\n\n<figure class=\"wp-block-video\"><video height=\"320\" style=\"aspect-ratio: 568 \/ 320;\" width=\"568\" controls src=\"http:\/\/trainehotel.slu.cz\/wp-content\/uploads\/2022\/07\/zaznam_prezentace.mp4\"><\/video><\/figure>\n","protected":false},"excerpt":{"rendered":"<p>Propaga\u010dn\u00ed video fiktivn\u00edho hotelu Weinberg *** PowerPointov\u00e1 prezentace fiktivn\u00edho hotelu Weinberg *** Videoz\u00e1znam z prezentace fiktivn\u00edho hotelu Weinberg *** v r\u00e1mci projektu E-hotel<\/p>\n","protected":false},"author":2,"featured_media":0,"parent":0,"menu_order":0,"comment_status":"closed","ping_status":"closed","template":"","meta":{"footnotes":""},"class_list":["post-134","page","type-page","status-publish","hentry"],"_links":{"self":[{"href":"https:\/\/trainehotel.slu.cz\/index.php?rest_route=\/wp\/v2\/pages\/134","targetHints":{"allow":["GET"]}}],"collection":[{"href":"https:\/\/trainehotel.slu.cz\/index.php?rest_route=\/wp\/v2\/pages"}],"about":[{"href":"https:\/\/trainehotel.slu.cz\/index.php?rest_route=\/wp\/v2\/types\/page"}],"author":[{"embeddable":true,"href":"https:\/\/trainehotel.slu.cz\/index.php?rest_route=\/wp\/v2\/users\/2"}],"replies":[{"embeddable":true,"href":"https:\/\/trainehotel.slu.cz\/index.php?rest_route=%2Fwp%2Fv2%2Fcomments&post=134"}],"version-history":[{"count":10,"href":"https:\/\/trainehotel.slu.cz\/index.php?rest_route=\/wp\/v2\/pages\/134\/revisions"}],"predecessor-version":[{"id":159,"href":"https:\/\/trainehotel.slu.cz\/index.php?rest_route=\/wp\/v2\/pages\/134\/revisions\/159"}],"wp:attachment":[{"href":"https:\/\/trainehotel.slu.cz\/index.php?rest_route=%2Fwp%2Fv2%2Fmedia&parent=134"}],"curies":[{"name":"wp","href":"https:\/\/api.w.org\/{rel}","templated":true}]}}