{"id":161,"date":"2022-07-07T08:40:39","date_gmt":"2022-07-07T08:40:39","guid":{"rendered":"http:\/\/trainehotel.slu.cz\/?page_id=161"},"modified":"2022-07-07T08:49:19","modified_gmt":"2022-07-07T08:49:19","slug":"publicita-projektu","status":"publish","type":"page","link":"https:\/\/trainehotel.slu.cz\/?page_id=161","title":{"rendered":"PUBLICITA PROJEKTU"},"content":{"rendered":"\n<figure class=\"wp-block-image size-full\"><img loading=\"lazy\" decoding=\"async\" width=\"461\" height=\"102\" src=\"http:\/\/trainehotel.slu.cz\/wp-content\/uploads\/2022\/07\/image.png\" alt=\"\" class=\"wp-image-162\" srcset=\"https:\/\/trainehotel.slu.cz\/wp-content\/uploads\/2022\/07\/image.png 461w, https:\/\/trainehotel.slu.cz\/wp-content\/uploads\/2022\/07\/image-300x66.png 300w\" sizes=\"auto, (max-width: 461px) 100vw, 461px\" \/><\/figure>\n\n\n\n<p><strong>PROJEKT INNOVATION OF THE PROFESSIONAL TRAINING OF FUTURE TOURISM EXPERTS USING <\/strong><strong>A FICTITIOUS TRAINING HOTEL<\/strong>\u00a0<\/p>\n\n\n\n<p>Katedra cestovn\u00edho ruchu a volno\u010dasov\u00fdch aktivit z\u00edskala spolu\u00fa\u010dast na mezin\u00e1rodn\u00edm projektu<strong> <\/strong>Innovation of the professional training of future tourism experts using a fictitious training hotel (Inov\u00e1cia profesijnej pr\u00edpravy bud\u00facich odborn\u00edkov cestovn\u00e9ho ruchu vyu\u017eit\u00edm fikt\u00edvneho cvi\u010dn\u00e9ho hotela), KA220-HED-2BFA3CCE, jeho\u017e koordin\u00e1torem je Univerzita Kon\u0161tant\u00edna Filozofa v Nitre (SK), Fakulta stredoeur\u00f3pskych \u0161t\u00fadi\u00ed, Katedra cestovn\u00e9ho ruchu: d\u00e1le se na projektu pod\u00edl\u00ed SIA BIZNESA AUGSTSKOLA TURIBA Latvia, SLEZSKA UNIVERZITA V OPAVE Czech Republic, PANNON EGYETEM Hungary, UNIVERSITA DEL SALENTO Italy. Doba trv\u00e1n\u00ed projektu je do listopadu 2024.&nbsp;&nbsp;<\/p>\n\n\n\n<p>Hlavn\u00ed prioritou projektu je stimulace inova\u010dn\u00edch postup\u016f vzd\u011bl\u00e1v\u00e1n\u00ed a v\u00fduky, inkluze a rozmanitost.&nbsp;&nbsp;<\/p>\n\n\n\n<p>Tv\u016frci projektu vid\u00ed ve vytvo\u0159en\u00ed a n\u00e1sledn\u00e9m za\u0159azen\u00ed cvi\u010dn\u00e9ho hotelu do eduka\u010dn\u00edho procesu velk\u00fd potenci\u00e1l, konkr\u00e9tn\u011b jde zejm\u00e9na o mo\u017enosti: (a) zabezpe\u010den\u00ed alternativn\u00ed formy odborn\u00e9 praxe v oblasti hotelnictv\u00ed, (b) dopln\u011bn\u00ed odborn\u00e9 praxe v oblasti hotelnictv\u00ed, (c) rozvoj transverz\u00e1ln\u00edch kompetenc\u00ed, (d) uskute\u010dn\u011bn\u00ed mezin\u00e1rodn\u00ed spolupr\u00e1ce s dal\u0161\u00edmi cvi\u010dn\u00fdmi hotely, (e) p\u0159ibl\u00ed\u017een\u00ed re\u00e1ln\u00e9 praxe k nab\u00eddce edukace, (f) vytv\u00e1\u0159en\u00ed rozmanit\u00fdch skupin pracuj\u00edc\u00edch na dosahov\u00e1n\u00ed spole\u010dn\u00fdch c\u00edl\u016f, (g) mobilizov\u00e1n\u00ed a motivov\u00e1n\u00ed student\u016f k \u00fa\u010dasti na eduka\u010dn\u011b-rozvojov\u00fdch aktivit\u00e1ch.&nbsp;<\/p>\n\n\n\n<p>V\u202fr\u00e1mci projektu jsme se s\u202fdr. K. Heinz z\u00fa\u010dastnili 27. &#8211; 28. 4. 2022 prvn\u00edho setk\u00e1n\u00ed \u00fa\u010dastn\u00edk\u016f projektu, kde byly p\u0159edstaveny d\u00edl\u010d\u00ed v\u00fdsledky jednotliv\u00fdch t\u00fdm\u016f student\u016f ze v\u0161ech uveden\u00fdch univerzit a byl diskutov\u00e1n dal\u0161\u00ed postup \u010dinnost\u00ed v\u202fr\u00e1mci projektu. Program setk\u00e1n\u00ed byl dopln\u011bn o pozn\u00e1n\u00ed pam\u00e1tek a pozoruhodnost\u00ed Nitry a regionu. Ka\u017ed\u00fd t\u00fdm je na odli\u0161n\u00e9 \u00farovni zpracov\u00e1n\u00ed t\u011bchto pl\u00e1n\u016f. Jednotliv\u00e9 t\u00fdmy p\u0159edstavily zpracovan\u00e9 \u010d\u00e1sti Business pl\u00e1n\u016f, tedy n\u00e1vrh konkr\u00e9tn\u00edho TRAIN e-HOTELu.&nbsp;&nbsp;<\/p>\n\n\n\n<figure class=\"wp-block-image size-full\"><img loading=\"lazy\" decoding=\"async\" width=\"515\" height=\"515\" src=\"http:\/\/trainehotel.slu.cz\/wp-content\/uploads\/2022\/07\/image-1.png\" alt=\"\" class=\"wp-image-166\" srcset=\"https:\/\/trainehotel.slu.cz\/wp-content\/uploads\/2022\/07\/image-1.png 515w, https:\/\/trainehotel.slu.cz\/wp-content\/uploads\/2022\/07\/image-1-300x300.png 300w, https:\/\/trainehotel.slu.cz\/wp-content\/uploads\/2022\/07\/image-1-150x150.png 150w\" sizes=\"auto, (max-width: 515px) 100vw, 515px\" \/><\/figure>\n\n\n\n<figure class=\"wp-block-image size-full\"><img loading=\"lazy\" decoding=\"async\" width=\"692\" height=\"519\" src=\"http:\/\/trainehotel.slu.cz\/wp-content\/uploads\/2022\/07\/image-2.jpeg\" alt=\"\" class=\"wp-image-165\" srcset=\"https:\/\/trainehotel.slu.cz\/wp-content\/uploads\/2022\/07\/image-2.jpeg 692w, https:\/\/trainehotel.slu.cz\/wp-content\/uploads\/2022\/07\/image-2-300x225.jpeg 300w\" sizes=\"auto, (max-width: 692px) 100vw, 692px\" \/><\/figure>\n\n\n\n<p>&nbsp;Setk\u00e1n\u00ed v\u202fNit\u0159e \u2013 duben 2022&nbsp;&nbsp;&nbsp;&nbsp;&nbsp;&nbsp;&nbsp;&nbsp;&nbsp;&nbsp;&nbsp;&nbsp;&nbsp; <\/p>\n\n\n\n<p>Prezentace TRAIN e-HOTELu studenty.&nbsp;&nbsp;<\/p>\n\n\n\n<p>D\u011bkuji t\u00edmto student\u016fm za vytvo\u0159en\u00ed t\u0159\u00ed n\u00e1vrh\u016f na vytvo\u0159en\u00ed E-hotelu, kter\u00e9 byly prezentov\u00e1v\u00e1ny v\u202fr\u00e1mci setk\u00e1n\u00ed a dle n\u00e1zor\u016f koleg\u016f byly velmi solidn\u011b rozpracovan\u00e9. V\u011b\u0159\u00edm, \u017ee tento projekt p\u0159inesl student\u016fm jednak mo\u017enost \u00fa\u010dasti na mezin\u00e1rodn\u00edm projektu a tak\u00e9 spoustu zku\u0161enost\u00ed v\u202fr\u00e1mci spolupr\u00e1ce, t\u00fdmov\u00e9 pr\u00e1ce, apod.&nbsp;<\/p>\n\n\n\n<p>D\u00edl\u010d\u00ed v\u00fdsledky projektu byly prezentov\u00e1ny na VIII. konferenci Gospodarka turystyczna w regionie, Pzedsiebiorstwo. Samorzad. Wspolpraca pod n\u00e1zvem Creating a business plan and competitiveness of the company. Konferenci po\u0159\u00e1dala UE ve Vratislavi a byla v\u011bnov\u00e1na prof. dr hab. Andrzejovi Rapaczovi, dlouholet\u00e9mu vedouc\u00edmu Katedry marketingu a managementu cestovn\u00edho ruchu, spoluzakladateli f\u00edlie Jelenia G\u00f3ra k 45 let\u016fm jeho v\u011bdeck\u00e9 pr\u00e1ce. Kated\u0159e cestovn\u00edho ruchu a volno\u010dasov\u00fdch aktivit je ct\u00ed, \u017ee m\u016f\u017ee s\u202ftakov\u00fdm erudovan\u00fdm, zku\u0161en\u00fdm, ochotn\u00fdm a znamenit\u00fdm \u010dlov\u011bkem spolupracovat.&nbsp;<\/p>\n\n\n\n<figure class=\"wp-block-image size-full\"><img loading=\"lazy\" decoding=\"async\" width=\"640\" height=\"288\" src=\"http:\/\/trainehotel.slu.cz\/wp-content\/uploads\/2022\/07\/image-1.jpeg\" alt=\"\" class=\"wp-image-164\" srcset=\"https:\/\/trainehotel.slu.cz\/wp-content\/uploads\/2022\/07\/image-1.jpeg 640w, https:\/\/trainehotel.slu.cz\/wp-content\/uploads\/2022\/07\/image-1-300x135.jpeg 300w\" sizes=\"auto, (max-width: 640px) 100vw, 640px\" \/><\/figure>\n\n\n\n<p>Gratulace k\u202f45 let\u016fm v\u011bdeck\u00e9 pr\u00e1ce&nbsp;<\/p>\n\n\n\n<figure class=\"wp-block-image size-full\"><img loading=\"lazy\" decoding=\"async\" width=\"640\" height=\"288\" src=\"http:\/\/trainehotel.slu.cz\/wp-content\/uploads\/2022\/07\/image.jpeg\" alt=\"\" class=\"wp-image-163\" srcset=\"https:\/\/trainehotel.slu.cz\/wp-content\/uploads\/2022\/07\/image.jpeg 640w, https:\/\/trainehotel.slu.cz\/wp-content\/uploads\/2022\/07\/image-300x135.jpeg 300w\" sizes=\"auto, (max-width: 640px) 100vw, 640px\" \/><\/figure>\n\n\n\n<p>Prezentace d\u00edl\u010d\u00edch v\u00fdsledk\u016f projektu TRAIN-e-HOTEL&nbsp;<\/p>\n\n\n\n<p>Za katedru cestovn\u00edho ruchu a volno\u010dasov\u00fdch aktivit&nbsp;&nbsp;<\/p>\n\n\n\n<p>Pavl\u00edna Pelle\u0161ov\u00e1&nbsp;<\/p>\n\n\n\n<p>\u010cl\u00e1nek byl zve\u0159ejn\u011bn v\u202f\u010dasopise Otev\u0159en\u011b Poutav\u011b neform\u00e1ln\u011b, viz \u202f<a rel=\"noreferrer noopener\" href=\"https:\/\/www.slu.cz\/opf\/cz\/casopisodeninafakulte?lid=141\" target=\"_blank\">https:\/\/www.slu.cz\/opf\/cz\/casopisodeninafakulte<\/a>.\u00a0<\/p>\n\n\n\n<p><\/p>\n\n\n\n<p><\/p>\n\n\n\n<p><strong>FOTOGALERIE &#8211; SETK\u00c1N\u00cd NITRA<\/strong> <\/p>\n\n\n\n<figure class=\"wp-block-image size-large\"><img loading=\"lazy\" decoding=\"async\" width=\"1024\" height=\"539\" src=\"http:\/\/trainehotel.slu.cz\/wp-content\/uploads\/2022\/07\/image-3-1024x539.jpeg\" alt=\"\" class=\"wp-image-173\" srcset=\"https:\/\/trainehotel.slu.cz\/wp-content\/uploads\/2022\/07\/image-3-1024x539.jpeg 1024w, https:\/\/trainehotel.slu.cz\/wp-content\/uploads\/2022\/07\/image-3-300x158.jpeg 300w, https:\/\/trainehotel.slu.cz\/wp-content\/uploads\/2022\/07\/image-3-768x405.jpeg 768w, https:\/\/trainehotel.slu.cz\/wp-content\/uploads\/2022\/07\/image-3-1536x809.jpeg 1536w, https:\/\/trainehotel.slu.cz\/wp-content\/uploads\/2022\/07\/image-3-2048x1079.jpeg 2048w\" sizes=\"auto, (max-width: 1024px) 100vw, 1024px\" \/><\/figure>\n\n\n\n<figure class=\"wp-block-image size-large\"><img loading=\"lazy\" decoding=\"async\" width=\"1024\" height=\"544\" src=\"http:\/\/trainehotel.slu.cz\/wp-content\/uploads\/2022\/07\/image-5-1024x544.jpeg\" alt=\"\" class=\"wp-image-175\" srcset=\"https:\/\/trainehotel.slu.cz\/wp-content\/uploads\/2022\/07\/image-5-1024x544.jpeg 1024w, https:\/\/trainehotel.slu.cz\/wp-content\/uploads\/2022\/07\/image-5-300x159.jpeg 300w, https:\/\/trainehotel.slu.cz\/wp-content\/uploads\/2022\/07\/image-5-768x408.jpeg 768w, https:\/\/trainehotel.slu.cz\/wp-content\/uploads\/2022\/07\/image-5-1536x815.jpeg 1536w, https:\/\/trainehotel.slu.cz\/wp-content\/uploads\/2022\/07\/image-5-2048x1087.jpeg 2048w\" sizes=\"auto, (max-width: 1024px) 100vw, 1024px\" \/><\/figure>\n\n\n\n<figure class=\"wp-block-image size-large\"><img loading=\"lazy\" decoding=\"async\" width=\"1024\" height=\"541\" src=\"http:\/\/trainehotel.slu.cz\/wp-content\/uploads\/2022\/07\/image-6-1024x541.jpeg\" alt=\"\" class=\"wp-image-176\" srcset=\"https:\/\/trainehotel.slu.cz\/wp-content\/uploads\/2022\/07\/image-6-1024x541.jpeg 1024w, https:\/\/trainehotel.slu.cz\/wp-content\/uploads\/2022\/07\/image-6-300x158.jpeg 300w, https:\/\/trainehotel.slu.cz\/wp-content\/uploads\/2022\/07\/image-6-768x406.jpeg 768w, https:\/\/trainehotel.slu.cz\/wp-content\/uploads\/2022\/07\/image-6-1536x811.jpeg 1536w, https:\/\/trainehotel.slu.cz\/wp-content\/uploads\/2022\/07\/image-6-2048x1082.jpeg 2048w\" sizes=\"auto, (max-width: 1024px) 100vw, 1024px\" \/><\/figure>\n\n\n\n<figure class=\"wp-block-image size-large\"><img loading=\"lazy\" decoding=\"async\" width=\"1024\" height=\"768\" src=\"http:\/\/trainehotel.slu.cz\/wp-content\/uploads\/2022\/07\/image-4-1024x768.jpeg\" alt=\"\" class=\"wp-image-174\" srcset=\"https:\/\/trainehotel.slu.cz\/wp-content\/uploads\/2022\/07\/image-4-1024x768.jpeg 1024w, https:\/\/trainehotel.slu.cz\/wp-content\/uploads\/2022\/07\/image-4-300x225.jpeg 300w, https:\/\/trainehotel.slu.cz\/wp-content\/uploads\/2022\/07\/image-4-768x576.jpeg 768w, https:\/\/trainehotel.slu.cz\/wp-content\/uploads\/2022\/07\/image-4-1536x1152.jpeg 1536w, https:\/\/trainehotel.slu.cz\/wp-content\/uploads\/2022\/07\/image-4-2048x1536.jpeg 2048w\" sizes=\"auto, (max-width: 1024px) 100vw, 1024px\" \/><\/figure>\n","protected":false},"excerpt":{"rendered":"<p>PROJEKT INNOVATION OF THE PROFESSIONAL TRAINING OF FUTURE TOURISM EXPERTS USING A FICTITIOUS TRAINING HOTEL\u00a0 Katedra cestovn\u00edho ruchu a volno\u010dasov\u00fdch aktivit z\u00edskala spolu\u00fa\u010dast na mezin\u00e1rodn\u00edm projektu Innovation of the professional training of future tourism experts using a fictitious training hotel (Inov\u00e1cia profesijnej pr\u00edpravy bud\u00facich odborn\u00edkov cestovn\u00e9ho ruchu vyu\u017eit\u00edm fikt\u00edvneho cvi\u010dn\u00e9ho hotela), KA220-HED-2BFA3CCE, jeho\u017e koordin\u00e1torem je [&hellip;]<\/p>\n","protected":false},"author":2,"featured_media":0,"parent":0,"menu_order":0,"comment_status":"closed","ping_status":"closed","template":"","meta":{"footnotes":""},"class_list":["post-161","page","type-page","status-publish","hentry"],"_links":{"self":[{"href":"https:\/\/trainehotel.slu.cz\/index.php?rest_route=\/wp\/v2\/pages\/161","targetHints":{"allow":["GET"]}}],"collection":[{"href":"https:\/\/trainehotel.slu.cz\/index.php?rest_route=\/wp\/v2\/pages"}],"about":[{"href":"https:\/\/trainehotel.slu.cz\/index.php?rest_route=\/wp\/v2\/types\/page"}],"author":[{"embeddable":true,"href":"https:\/\/trainehotel.slu.cz\/index.php?rest_route=\/wp\/v2\/users\/2"}],"replies":[{"embeddable":true,"href":"https:\/\/trainehotel.slu.cz\/index.php?rest_route=%2Fwp%2Fv2%2Fcomments&post=161"}],"version-history":[{"count":3,"href":"https:\/\/trainehotel.slu.cz\/index.php?rest_route=\/wp\/v2\/pages\/161\/revisions"}],"predecessor-version":[{"id":177,"href":"https:\/\/trainehotel.slu.cz\/index.php?rest_route=\/wp\/v2\/pages\/161\/revisions\/177"}],"wp:attachment":[{"href":"https:\/\/trainehotel.slu.cz\/index.php?rest_route=%2Fwp%2Fv2%2Fmedia&parent=161"}],"curies":[{"name":"wp","href":"https:\/\/api.w.org\/{rel}","templated":true}]}}