{"id":169,"date":"2022-07-07T08:41:27","date_gmt":"2022-07-07T08:41:27","guid":{"rendered":"http:\/\/trainehotel.slu.cz\/?page_id=169"},"modified":"2022-07-07T08:41:27","modified_gmt":"2022-07-07T08:41:27","slug":"katedra-cestovniho-ruchu-a-volnocasovych-aktivit","status":"publish","type":"page","link":"https:\/\/trainehotel.slu.cz\/?page_id=169","title":{"rendered":"KATEDRA CESTOVN\u00cdHO RUCHU A VOLNO\u010cASOV\u00ddCH AKTIVIT"},"content":{"rendered":"\n<p>Katedra cestovn\u00edho ruchu a&nbsp;volno\u010dasov\u00fdch aktivit vznikla v&nbsp;roce 2014 slou\u010den\u00edm Katedry cestovn\u00edho ruchu, Katedry t\u011blov\u00fdchovn\u00fdch a&nbsp;sportovn\u00edch aktivit a&nbsp;Katedry ciz\u00edch jazyk\u016f. Katedra garantuje v&nbsp;r\u00e1mci bakal\u00e1\u0159sk\u00e9ho studijn\u00edho oboru Podnikov\u00e1 ekonomika a&nbsp;management specializaci Ekonomika cestovn\u00edho ruchu a&nbsp;specializaci Management hotelnictv\u00ed, kter\u00e9 se vyu\u010duj\u00ed v&nbsp;prezen\u010dn\u00ed i&nbsp;kombinovan\u00e9 form\u011b. Mezi p\u0159edm\u011bty&nbsp;<a href=\"https:\/\/www.slu.cz\/file\/cul\/5080d99c-04bd-4f97-ab38-1d320cf3a880\">specializace Ekonomika cestovn\u00edho ruchu<\/a>&nbsp;[soubor&nbsp;&nbsp;160 kB] pat\u0159\u00ed Cestovn\u00ed ruch, Slu\u017eby cestovn\u00edho ruchu, Geografie cestovn\u00edho ruchu a&nbsp;Ekonomika cestovn\u00edho ruchu a&nbsp;v&nbsp;r\u00e1mci&nbsp;<a href=\"https:\/\/www.slu.cz\/file\/cul\/b1f04ca3-be06-49ce-b5cf-66af3d0b917c\">specializace Management hotelnictv\u00ed<\/a>&nbsp;[soubor&nbsp;&nbsp;1.8 MB]&nbsp;se vyu\u010duj\u00ed p\u0159edm\u011bty, jako jsou Podnik\u00e1n\u00ed v&nbsp;hotelnictv\u00ed, \u0158\u00edzen\u00ed hotelov\u00e9ho provozu, Gastronomie a&nbsp;Ekonomika hotelnictv\u00ed. Nov\u011b katedra garantuje prezen\u010dn\u00ed profesn\u00ed bakal\u00e1\u0159sk\u00fd&nbsp;<a href=\"https:\/\/www.slu.cz\/file\/cul\/c239ae77-5be9-436b-886d-1a0445d52399\">studijn\u00ed program Cestovn\u00ed ruch a&nbsp;turismus<\/a>&nbsp;[soubor&nbsp;&nbsp;1,5 MB]. Z\u00e1m\u011brem studijn\u00edho programu je, aby poslucha\u010d v&nbsp;prvn\u00ed \u00farovni studia z\u00edskal v\u011bdomosti ve v\u0161ech kl\u00ed\u010dov\u00fdch ekonomick\u00fdch discipl\u00edn\u00e1ch, odborn\u00e9 znalosti zam\u011b\u0159en\u00e9 na \u0159\u00edzen\u00ed, tvorbu produktu, podnikov\u00e9 procesy v&nbsp;oblasti stravovac\u00edch, ubytovac\u00edch, dopravn\u00edch, l\u00e1ze\u0148sk\u00fdch i&nbsp;dopl\u0148kov\u00fdch slu\u017eeb. D\u00e1le je program zam\u011b\u0159en na osvojen\u00ed a&nbsp;procvi\u010den\u00ed praktick\u00fdch dovednost\u00ed a&nbsp;konfrontaci teoretick\u00fdch znalost\u00ed s&nbsp;realitou praxe. Kvalita v\u00fduky a&nbsp;dosa\u017een\u00ed jejich c\u00edl\u016f je podpo\u0159ena d\u016frazem na \u0159e\u0161en\u00ed praktick\u00fdch probl\u00e9m\u016f, intenzivn\u00edm vyu\u017eit\u00edm softwarov\u00fdch produkt\u016f roz\u0161\u00ed\u0159en\u00fdch v&nbsp;cestovn\u00edm ruchu, odbornou prax\u00ed a&nbsp;zapojen\u00edm erudovan\u00fdch odborn\u00edk\u016f z&nbsp;praxe. Studenti maj\u00ed rovn\u011b\u017e mo\u017enost absolvovat studijn\u00ed pobyt nebo pracovn\u00ed st\u00e1\u017e v&nbsp;r\u00e1mci programu Erasmus+, kde z\u00edskaj\u00ed cenn\u00e9 poznatky a&nbsp;dovednosti.<\/p>\n\n\n\n<p>Jazykov\u00e9 a&nbsp;komunika\u010dn\u00ed kompetence pat\u0159\u00ed k&nbsp;d\u016fle\u017eit\u00fdm schopnostem na\u0161eho absolventa. Katedra zaji\u0161\u0165uje v\u00fduku z\u00e1kladn\u00edch i&nbsp;pokro\u010dil\u00fdch kurz\u016f n\u011bmeck\u00e9ho a&nbsp;anglick\u00e9ho jazyka, d\u00e1le profesn\u00ed n\u011bm\u010diny a&nbsp;angli\u010dtiny, komunika\u010dn\u00ed kurzy apod. Katedra zve na expertn\u00ed p\u0159edn\u00e1\u0161ky odborn\u00edky z&nbsp;praxe, po\u0159\u00e1d\u00e1 workshopy odborn\u00edk\u016f z&nbsp;praxe i&nbsp;expert\u016f z&nbsp;participuj\u00edc\u00edch \u010desk\u00fdch a&nbsp;zahrani\u010dn\u00edch univerzit. Katedra organizuje tak\u00e9 sportovn\u00ed akce, outdoorov\u00e9 aktivity student\u016f a&nbsp;dal\u0161\u00ed anima\u010dn\u00ed programy. Praxe katedra zaji\u0161\u0165uje v&nbsp;\u010cR i&nbsp;v&nbsp;zahrani\u010dn\u00ed; v&nbsp;partnersk\u00e9 s\u00edti cestovn\u00edch kancel\u00e1\u0159\u00ed, ubytovac\u00edch a&nbsp;stravovac\u00edch za\u0159\u00edzen\u00edch, dal\u0161\u00edch podnic\u00edch cestovn\u00edho ruchu, ale i&nbsp;v&nbsp;instituc\u00edch. Prohlubuje se spolupr\u00e1ce s&nbsp;l\u00e1zn\u011bmi Darkov, a. s. v&nbsp;Karvin\u00e9, l\u00e1zn\u011bmi Slatinice, a. s., Clarion Congress Hotelem v&nbsp;Ostrav\u011b, hotelem Stud\u00e1nka, se spole\u010dnost\u00ed Sepetn\u00e1, v.o.s. a&nbsp;s&nbsp;Karvinsk\u00fdm pivovarem, s. r. o., Hotelem Mercure Ostrava, aj.<\/p>\n\n\n\n<p>V\u011bdecko-v\u00fdzkumn\u00e1 a&nbsp;publika\u010dn\u00ed \u010dinnost \u010dlen\u016f katedry je d\u016fle\u017eitou sou\u010d\u00e1st\u00ed rozvoje katedry. Katedra spolupracuje s&nbsp;univerzitami u n\u00e1s (nap\u0159. Vysok\u00e1 \u0161kola hotelov\u00e1 v&nbsp;Praze) i&nbsp;v&nbsp;zahrani\u010d\u00ed, nap\u0159. na Slovensku s&nbsp;Ekonomickou fakultou Univerzity Mateja Bela v&nbsp;Bansk\u00e9 Bystrici, d\u00e1le pak s&nbsp;Ekonomickou univerzitou v&nbsp;Krakov\u011b a&nbsp;s&nbsp;Ekonomickou univerzitou, s&nbsp;UE Vratislav, F\u00edlie Jelen\u00ed Hora (Polsko), Fakultou st\u0159edoeuropsk\u00fdch \u0161tudi\u00ed UKF v&nbsp;Nit\u0159e, s&nbsp;vybran\u00fdmi univerzitami v&nbsp;Turecku a&nbsp;Bulharsku. \u010clenov\u00e9 katedry publikuj\u00ed v&nbsp;recenzovan\u00fdch v\u011bdeck\u00fdch dom\u00e1c\u00edch i&nbsp;zahrani\u010dn\u00edch \u010dasopisech, recenzovan\u00fdch sborn\u00edc\u00edch z&nbsp;dom\u00e1c\u00edch i&nbsp;zahrani\u010dn\u00edch konferenc\u00ed, pod\u00edlej\u00ed se na zpracov\u00e1n\u00ed vysoko\u0161kolsk\u00fdch studijn\u00edch opor apod.<\/p>\n\n\n\n<p>Ka\u017edoro\u010dn\u011b od roku 2012 Katedra cestovn\u00edho ruchu a&nbsp;volno\u010dasov\u00fdch aktivit ve spolupr\u00e1ci s&nbsp;\u00dastavem l\u00e1ze\u0148stv\u00ed, gastronomie a&nbsp;turismu na Filozoficko-p\u0159\u00edrodov\u011bdeck\u00e9 fakult\u011b v&nbsp;Opav\u011b, po\u0159\u00e1d\u00e1 mezin\u00e1rodn\u00ed konferenci \u201cAKTU\u00c1LN\u00cd TRENDY L\u00c1ZE\u0147STV\u00cd, HOTELNICTV\u00cd a&nbsp;TURISMU\u201d a&nbsp;od roku 2020 jsou spolupo\u0159adateli rovn\u011b\u017e Katedra cestovn\u00edho ruchu EF UMB Bansk\u00e1 Bystrica a&nbsp;Katedra marketingu a&nbsp;managementu cestovn\u00edho ruchu UE Vratislav, F\u00edlie Jelen\u00ed Hora.<\/p>\n\n\n\n<p>Prost\u0159ednictv\u00edm katedry se univerzita stala tak\u00e9 aktivn\u00edm \u010dlenem Asociace hotel\u016f a&nbsp;restaurac\u00ed \u010cesk\u00e9 republiky. \u010clenov\u00e9 katedry spolupracuj\u00ed s&nbsp;\u010ceskou marketingovou spole\u010dnost\u00ed v&nbsp;Ostrav\u011b, Klubem u\u010ditel\u016f marketingu p\u0159i \u010cesk\u00e9 marketingov\u00e9 spole\u010dnosti Region\u00e1ln\u00edho klubu Ostrava, Asociace pr\u016fvodc\u016f \u010cR, SVECR, Odborem region\u00e1ln\u00edho rozvoje a&nbsp;cestovn\u00edho ruchu Moravskoslezsk\u00e9ho kraje, komis\u00ed pro cestovn\u00ed ruch Magistr\u00e1tu m\u011bsta Karvin\u00e9 a&nbsp;s&nbsp;destina\u010dn\u00ed spole\u010dnost\u00ed Moravian-Silesian Tourism, s.r.o.<\/p>\n","protected":false},"excerpt":{"rendered":"<p>Katedra cestovn\u00edho ruchu a&nbsp;volno\u010dasov\u00fdch aktivit vznikla v&nbsp;roce 2014 slou\u010den\u00edm Katedry cestovn\u00edho ruchu, Katedry t\u011blov\u00fdchovn\u00fdch a&nbsp;sportovn\u00edch aktivit a&nbsp;Katedry ciz\u00edch jazyk\u016f. Katedra garantuje v&nbsp;r\u00e1mci bakal\u00e1\u0159sk\u00e9ho studijn\u00edho oboru Podnikov\u00e1 ekonomika a&nbsp;management specializaci Ekonomika cestovn\u00edho ruchu a&nbsp;specializaci Management hotelnictv\u00ed, kter\u00e9 se vyu\u010duj\u00ed v&nbsp;prezen\u010dn\u00ed i&nbsp;kombinovan\u00e9 form\u011b. Mezi p\u0159edm\u011bty&nbsp;specializace Ekonomika cestovn\u00edho ruchu&nbsp;[soubor&nbsp;&nbsp;160 kB] pat\u0159\u00ed Cestovn\u00ed ruch, Slu\u017eby cestovn\u00edho ruchu, Geografie cestovn\u00edho [&hellip;]<\/p>\n","protected":false},"author":2,"featured_media":0,"parent":0,"menu_order":0,"comment_status":"closed","ping_status":"closed","template":"","meta":{"footnotes":""},"class_list":["post-169","page","type-page","status-publish","hentry"],"_links":{"self":[{"href":"https:\/\/trainehotel.slu.cz\/index.php?rest_route=\/wp\/v2\/pages\/169","targetHints":{"allow":["GET"]}}],"collection":[{"href":"https:\/\/trainehotel.slu.cz\/index.php?rest_route=\/wp\/v2\/pages"}],"about":[{"href":"https:\/\/trainehotel.slu.cz\/index.php?rest_route=\/wp\/v2\/types\/page"}],"author":[{"embeddable":true,"href":"https:\/\/trainehotel.slu.cz\/index.php?rest_route=\/wp\/v2\/users\/2"}],"replies":[{"embeddable":true,"href":"https:\/\/trainehotel.slu.cz\/index.php?rest_route=%2Fwp%2Fv2%2Fcomments&post=169"}],"version-history":[{"count":1,"href":"https:\/\/trainehotel.slu.cz\/index.php?rest_route=\/wp\/v2\/pages\/169\/revisions"}],"predecessor-version":[{"id":171,"href":"https:\/\/trainehotel.slu.cz\/index.php?rest_route=\/wp\/v2\/pages\/169\/revisions\/171"}],"wp:attachment":[{"href":"https:\/\/trainehotel.slu.cz\/index.php?rest_route=%2Fwp%2Fv2%2Fmedia&parent=169"}],"curies":[{"name":"wp","href":"https:\/\/api.w.org\/{rel}","templated":true}]}}