{"id":41,"date":"2022-04-10T17:57:58","date_gmt":"2022-04-10T17:57:58","guid":{"rendered":"http:\/\/trainehotel.slu.cz\/?page_id=41"},"modified":"2022-07-05T13:14:46","modified_gmt":"2022-07-05T13:14:46","slug":"team","status":"publish","type":"page","link":"https:\/\/trainehotel.slu.cz\/?page_id=41","title":{"rendered":"O PROJEKTU"},"content":{"rendered":"\n<p><\/p>\n\n\n\n<p>Koordin\u00e1torem projektu je Univerzita Kon\u0161tant\u00edna Filozofa v Nitre (SK), Fakulta stredoeur\u00f3pskych \u0161t\u00fadi\u00ed, Katedra cestovn\u00e9ho ruchu. D\u00e1le se na projektu pod\u00edl\u00ed SIA BIZNESA AUGSTSKOLA TURIBA Latvia, SLEZSKA UNIVERZITA V OPAVE Czech Republic, PANNON EGYETEM Hungary, UNIVERSITA DEL SALENTO Italy.<\/p>\n\n\n\n<p>Hlavn\u00ed prioritou projektu je stimulace inova\u010dn\u00edch postup\u016f vzd\u011bl\u00e1v\u00e1n\u00ed a v\u00fduky, inkluze a rozmanitost.<\/p>\n\n\n\n<p>Tv\u016frci projektu vid\u00ed ve vytvo\u0159en\u00ed a n\u00e1sledn\u00e9m za\u0159azen\u00ed cvi\u010dn\u00e9ho hotelu do eduka\u010dn\u00edho procesu velk\u00fd potenci\u00e1l, konkr\u00e9tn\u011b jde zejm\u00e9na o mo\u017enosti:<\/p>\n\n\n\n<ul class=\"wp-block-list\"><li>zabezpe\u010den\u00ed alternativn\u00ed formy odborn\u00e9 praxe v oblasti hotelnictv\u00ed,<\/li><li>dopln\u011bn\u00ed odborn\u00e9 praxe v oblasti hotelnictv\u00ed,<\/li><li>rozvoj transverz\u00e1ln\u00edch kompetenc\u00ed,<\/li><li>uskute\u010dn\u011bn\u00ed mezin\u00e1rodn\u00ed spolupr\u00e1ce s dal\u0161\u00edmi cvi\u010dn\u00fdmi hotely,<\/li><li>p\u0159ibl\u00ed\u017een\u00ed re\u00e1ln\u00e9 praxe k nab\u00eddce edukace,<\/li><li>vytv\u00e1\u0159en\u00ed rozmanit\u00fdch skupin pracuj\u00edc\u00edch na dosahov\u00e1n\u00ed spole\u010dn\u00fdch c\u00edl\u016f,<\/li><li>mobilizov\u00e1n\u00ed a motivov\u00e1n\u00ed student\u016f k \u00fa\u010dasti na eduka\u010dn\u011b-rozvojov\u00fdch aktivit\u00e1ch.<\/li><\/ul>\n","protected":false},"excerpt":{"rendered":"<p>Koordin\u00e1torem projektu je Univerzita Kon\u0161tant\u00edna Filozofa v Nitre (SK), Fakulta stredoeur\u00f3pskych \u0161t\u00fadi\u00ed, Katedra cestovn\u00e9ho ruchu. D\u00e1le se na projektu pod\u00edl\u00ed SIA BIZNESA AUGSTSKOLA TURIBA Latvia, SLEZSKA UNIVERZITA V OPAVE Czech Republic, PANNON EGYETEM Hungary, UNIVERSITA DEL SALENTO Italy. Hlavn\u00ed prioritou projektu je stimulace inova\u010dn\u00edch postup\u016f vzd\u011bl\u00e1v\u00e1n\u00ed a v\u00fduky, inkluze a rozmanitost. Tv\u016frci projektu vid\u00ed ve [&hellip;]<\/p>\n","protected":false},"author":2,"featured_media":0,"parent":0,"menu_order":0,"comment_status":"closed","ping_status":"closed","template":"","meta":{"footnotes":""},"class_list":["post-41","page","type-page","status-publish","hentry"],"_links":{"self":[{"href":"https:\/\/trainehotel.slu.cz\/index.php?rest_route=\/wp\/v2\/pages\/41","targetHints":{"allow":["GET"]}}],"collection":[{"href":"https:\/\/trainehotel.slu.cz\/index.php?rest_route=\/wp\/v2\/pages"}],"about":[{"href":"https:\/\/trainehotel.slu.cz\/index.php?rest_route=\/wp\/v2\/types\/page"}],"author":[{"embeddable":true,"href":"https:\/\/trainehotel.slu.cz\/index.php?rest_route=\/wp\/v2\/users\/2"}],"replies":[{"embeddable":true,"href":"https:\/\/trainehotel.slu.cz\/index.php?rest_route=%2Fwp%2Fv2%2Fcomments&post=41"}],"version-history":[{"count":7,"href":"https:\/\/trainehotel.slu.cz\/index.php?rest_route=\/wp\/v2\/pages\/41\/revisions"}],"predecessor-version":[{"id":160,"href":"https:\/\/trainehotel.slu.cz\/index.php?rest_route=\/wp\/v2\/pages\/41\/revisions\/160"}],"wp:attachment":[{"href":"https:\/\/trainehotel.slu.cz\/index.php?rest_route=%2Fwp%2Fv2%2Fmedia&parent=41"}],"curies":[{"name":"wp","href":"https:\/\/api.w.org\/{rel}","templated":true}]}}