{"id":7,"date":"2022-04-10T16:48:45","date_gmt":"2022-04-10T16:48:45","guid":{"rendered":"http:\/\/trainehotel.slu.cz\/?page_id=7"},"modified":"2022-07-07T10:41:40","modified_gmt":"2022-07-07T10:41:40","slug":"project","status":"publish","type":"page","link":"https:\/\/trainehotel.slu.cz\/","title":{"rendered":"\u00daVODN\u00cd STR\u00c1NKA"},"content":{"rendered":"\n<p>Tv\u016frci projektu vid\u00ed ve vytvo\u0159en\u00ed a n\u00e1sledn\u00e9m za\u0159azen\u00ed cvi\u010dn\u00e9ho hotelu do eduka\u010dn\u00edho procesu velk\u00fd potenci\u00e1l, konkr\u00e9tn\u011b jde zejm\u00e9na o mo\u017enosti:<\/p>\n\n\n\n<ul class=\"wp-block-list\"><li>zabezpe\u010den\u00ed alternativn\u00ed formy odborn\u00e9 praxe v oblasti hotelnictv\u00ed,<\/li><li>dopln\u011bn\u00ed odborn\u00e9 praxe v oblasti hotelnictv\u00ed,<\/li><li>rozvoj transverz\u00e1ln\u00edch kompetenc\u00ed,<\/li><li>uskute\u010dn\u011bn\u00ed mezin\u00e1rodn\u00ed spolupr\u00e1ce s dal\u0161\u00edmi cvi\u010dn\u00fdmi hotely,<\/li><li>p\u0159ibl\u00ed\u017een\u00ed re\u00e1ln\u00e9 praxe k nab\u00eddce edukace,<\/li><li>vytv\u00e1\u0159en\u00ed rozmanit\u00fdch skupin pracuj\u00edc\u00edch na dosahov\u00e1n\u00ed spole\u010dn\u00fdch c\u00edl\u016f,<\/li><li>mobilizov\u00e1n\u00ed a motivov\u00e1n\u00ed student\u016f k \u00fa\u010dasti na eduka\u010dn\u011b-rozvojov\u00fdch aktivit\u00e1ch.<\/li><\/ul>\n\n\n\n<p><\/p>\n\n\n\n<h2 class=\"wp-block-heading\"><strong>ABOUT THE PROJECT<\/strong><\/h2>\n\n\n\n<p>The project will create favorable conditions for the introduction of new SMART digital technologies in the education of future tourism professionals and will also address current trends in sustainable development of hotel services, ensuring the ecological operation of the hotel and intelligent solutions for intercultural communication within the international hotel network.<\/p>\n\n\n\n<p><\/p>\n\n\n\n<figure class=\"wp-block-image size-full is-resized\"><img loading=\"lazy\" decoding=\"async\" src=\"http:\/\/trainehotel.slu.cz\/wp-content\/uploads\/2022\/04\/image.png\" alt=\"\" class=\"wp-image-10\" width=\"406\" height=\"91\" srcset=\"https:\/\/trainehotel.slu.cz\/wp-content\/uploads\/2022\/04\/image.png 431w, https:\/\/trainehotel.slu.cz\/wp-content\/uploads\/2022\/04\/image-300x67.png 300w\" sizes=\"auto, (max-width: 406px) 100vw, 406px\" \/><\/figure>\n\n\n\n<figure class=\"wp-block-image size-full\"><img loading=\"lazy\" decoding=\"async\" width=\"246\" height=\"109\" src=\"http:\/\/trainehotel.slu.cz\/wp-content\/uploads\/2022\/07\/logo-EN-SU.jpg\" alt=\"\" class=\"wp-image-178\"\/><\/figure>\n","protected":false},"excerpt":{"rendered":"<p>Tv\u016frci projektu vid\u00ed ve vytvo\u0159en\u00ed a n\u00e1sledn\u00e9m za\u0159azen\u00ed cvi\u010dn\u00e9ho hotelu do eduka\u010dn\u00edho procesu velk\u00fd potenci\u00e1l, konkr\u00e9tn\u011b jde zejm\u00e9na o mo\u017enosti: zabezpe\u010den\u00ed alternativn\u00ed formy odborn\u00e9 praxe v oblasti hotelnictv\u00ed, dopln\u011bn\u00ed odborn\u00e9 praxe v oblasti hotelnictv\u00ed, rozvoj transverz\u00e1ln\u00edch kompetenc\u00ed, uskute\u010dn\u011bn\u00ed mezin\u00e1rodn\u00ed spolupr\u00e1ce s dal\u0161\u00edmi cvi\u010dn\u00fdmi hotely, p\u0159ibl\u00ed\u017een\u00ed re\u00e1ln\u00e9 praxe k nab\u00eddce edukace, vytv\u00e1\u0159en\u00ed rozmanit\u00fdch skupin pracuj\u00edc\u00edch na [&hellip;]<\/p>\n","protected":false},"author":2,"featured_media":0,"parent":0,"menu_order":0,"comment_status":"closed","ping_status":"closed","template":"","meta":{"footnotes":""},"class_list":["post-7","page","type-page","status-publish","hentry"],"_links":{"self":[{"href":"https:\/\/trainehotel.slu.cz\/index.php?rest_route=\/wp\/v2\/pages\/7","targetHints":{"allow":["GET"]}}],"collection":[{"href":"https:\/\/trainehotel.slu.cz\/index.php?rest_route=\/wp\/v2\/pages"}],"about":[{"href":"https:\/\/trainehotel.slu.cz\/index.php?rest_route=\/wp\/v2\/types\/page"}],"author":[{"embeddable":true,"href":"https:\/\/trainehotel.slu.cz\/index.php?rest_route=\/wp\/v2\/users\/2"}],"replies":[{"embeddable":true,"href":"https:\/\/trainehotel.slu.cz\/index.php?rest_route=%2Fwp%2Fv2%2Fcomments&post=7"}],"version-history":[{"count":8,"href":"https:\/\/trainehotel.slu.cz\/index.php?rest_route=\/wp\/v2\/pages\/7\/revisions"}],"predecessor-version":[{"id":179,"href":"https:\/\/trainehotel.slu.cz\/index.php?rest_route=\/wp\/v2\/pages\/7\/revisions\/179"}],"wp:attachment":[{"href":"https:\/\/trainehotel.slu.cz\/index.php?rest_route=%2Fwp%2Fv2%2Fmedia&parent=7"}],"curies":[{"name":"wp","href":"https:\/\/api.w.org\/{rel}","templated":true}]}}